{"id":10,"date":"2019-03-29T12:00:41","date_gmt":"2019-03-29T11:00:41","guid":{"rendered":"http:\/\/www.bialogora.diecezja-pelplin.pl\/?page_id=10"},"modified":"2020-10-18T16:50:20","modified_gmt":"2020-10-18T14:50:20","slug":"historia-parafii","status":"publish","type":"page","link":"https:\/\/bialogora.diecezja-pelplin.pl\/?page_id=10","title":{"rendered":"Kronika Parafialna"},"content":{"rendered":"\n<figure class=\"wp-block-image\"><a href=\"http:\/\/www.bialogora.diecezja-pelplin.pl\/wordpress\/wp-content\/uploads\/2019\/08\/kronika-tytu\u0142owa-1.jpg\"><img loading=\"lazy\" decoding=\"async\" width=\"7552\" height=\"2648\" src=\"http:\/\/www.bialogora.diecezja-pelplin.pl\/wordpress\/wp-content\/uploads\/2019\/08\/kronika-tytu\u0142owa-1.jpg\" alt=\"\" class=\"wp-image-1039\" srcset=\"https:\/\/bialogora.diecezja-pelplin.pl\/wordpress\/wp-content\/uploads\/2019\/08\/kronika-tytu\u0142owa-1.jpg 7552w, https:\/\/bialogora.diecezja-pelplin.pl\/wordpress\/wp-content\/uploads\/2019\/08\/kronika-tytu\u0142owa-1-300x105.jpg 300w, https:\/\/bialogora.diecezja-pelplin.pl\/wordpress\/wp-content\/uploads\/2019\/08\/kronika-tytu\u0142owa-1-768x269.jpg 768w, https:\/\/bialogora.diecezja-pelplin.pl\/wordpress\/wp-content\/uploads\/2019\/08\/kronika-tytu\u0142owa-1-1024x359.jpg 1024w\" sizes=\"auto, (max-width: 7552px) 100vw, 7552px\" \/><\/a><figcaption><strong>Ok\u0142adka i strona tytu\u0142owa <span style=\"text-decoration: underline;\">pierwszej<\/span> cz\u0119\u015bci Kroniki w wersji papierowej, wykonanej przez Pani\u0105 Mari\u0119 Ceynowa<\/strong><\/figcaption><\/figure>\n\n\n\n<p><\/p>\n\n\n\n<p style=\"font-size:21px\"><strong><span style=\"text-decoration: underline;\">Autorami kroniki parafialnej s\u0105:<\/span><\/strong><\/p>\n\n\n\n<p style=\"font-size:21px\">MARIA CEYNOWA &#8211; opisy i prowadzenie kroniki<\/p>\n\n\n\n<p style=\"font-size:21px\">JANUSZ \u017bMICH &#8211; zdj\u0119cia<\/p>\n\n\n\n<p style=\"font-size:21px\">MARIUSZ PLI\u0143SKI &#8211; digitalizacja kroniki<\/p>\n\n\n\n<p style=\"font-size:21px\"><span style=\"text-decoration: underline;\"><strong>Kronika rozpoczyna si\u0119 od momentu powstania Parafii do najbardziej aktualnych wydarze\u0144, ka\u017cdy z dzia\u0142\u00f3w zosta\u0142 podzielony na lata (1998-2018). Wyj\u0105tkiem jest dzia\u0142 budowa Ko\u015bcio\u0142a, gdzie znajd\u0105 Pa\u0144stwo archiwalne dokumenty i zdj\u0119cia (dzia\u0142 w  budowie)<\/strong><\/span><strong> \ud83d\ude42<\/strong> <\/p>\n\n\n\n<p style=\"font-size:21px\"><strong>Wszystkie osoby, kt\u00f3re maj\u0105 uwagi, co do rozpowszechniania ich wizerunku w formie zdj\u0119\u0107 lub osoby, kt\u00f3re posiadaj\u0105 dodatkowe  ZDJ\u0118CIA\/informacje\/dokumenty\/\u015bwiadectwa dotycz\u0105ce naszej Parafii prosimy o kontakt: pbialogora@diecezja-pelplin.pl \ud83d\ude42<\/strong><\/p>\n\n\n\n<p style=\"color:#0c7bbb;font-size:21px\" class=\"has-text-color\"><strong><span style=\"text-decoration: underline;\">Kronika parafialna zosta\u0142a podzielona na trzy, sukcesywnie uzupe\u0142niane bloki tematyczne: <\/span><\/strong><\/p>\n\n\n\n<p style=\"color:#0c7bbb;font-size:21px\" class=\"has-text-color\"><strong><em><span style=\"text-decoration: underline;\">Wydarzenia<\/span>, kt\u00f3ra obejmuje wszelkie uroczysto\u015bci i istotne zdarzenia w dziejach naszej parafii i ko\u015bcio\u0142a katolickiego; <\/em><\/strong><\/p>\n\n\n\n<p style=\"color:#0c7bbb;font-size:21px\" class=\"has-text-color\"><strong><em><span style=\"text-decoration: underline;\">Inwestycje parafialne<\/span><\/em>, gdzie przybli\u017cymy Wam jak z biegiem czasu zmienia\u0142 si\u0119 nasz bia\u0142og\u00f3rski Ko\u015bci\u00f3\u0142; <\/strong><\/p>\n\n\n\n<p style=\"color:#0c7bbb;font-size:21px\" class=\"has-text-color\"><strong><em><span style=\"text-decoration: underline;\">Budowa Ko\u015bcio\u0142a (Kaplicy)<\/span><\/em>, w tym dziale poka\u017cemy jak wygl\u0105da\u0142a budowa naszej kaplicy <\/strong><\/p>\n\n\n\n<p style=\"font-size:15px\"><strong><em><span style=\"text-decoration: underline;\"><\/span><\/em><\/strong><\/p>\n\n\n\n<p><br><\/p>\n\n\n\n<p><br><\/p>\n","protected":false},"excerpt":{"rendered":"<p>Autorami kroniki parafialnej s\u0105: MARIA CEYNOWA &#8211; opisy i prowadzenie kroniki JANUSZ \u017bMICH &#8211; zdj\u0119cia MARIUSZ PLI\u0143SKI &#8211; digitalizacja kroniki [&hellip;]<\/p>\n","protected":false},"author":1,"featured_media":0,"parent":0,"menu_order":0,"comment_status":"closed","ping_status":"closed","template":"template-full-width.php","meta":{"footnotes":"","_links_to":"","_links_to_target":""},"class_list":["post-10","page","type-page","status-publish","hentry"],"_links":{"self":[{"href":"https:\/\/bialogora.diecezja-pelplin.pl\/index.php?rest_route=\/wp\/v2\/pages\/10","targetHints":{"allow":["GET"]}}],"collection":[{"href":"https:\/\/bialogora.diecezja-pelplin.pl\/index.php?rest_route=\/wp\/v2\/pages"}],"about":[{"href":"https:\/\/bialogora.diecezja-pelplin.pl\/index.php?rest_route=\/wp\/v2\/types\/page"}],"author":[{"embeddable":true,"href":"https:\/\/bialogora.diecezja-pelplin.pl\/index.php?rest_route=\/wp\/v2\/users\/1"}],"replies":[{"embeddable":true,"href":"https:\/\/bialogora.diecezja-pelplin.pl\/index.php?rest_route=%2Fwp%2Fv2%2Fcomments&post=10"}],"version-history":[{"count":44,"href":"https:\/\/bialogora.diecezja-pelplin.pl\/index.php?rest_route=\/wp\/v2\/pages\/10\/revisions"}],"predecessor-version":[{"id":2227,"href":"https:\/\/bialogora.diecezja-pelplin.pl\/index.php?rest_route=\/wp\/v2\/pages\/10\/revisions\/2227"}],"wp:attachment":[{"href":"https:\/\/bialogora.diecezja-pelplin.pl\/index.php?rest_route=%2Fwp%2Fv2%2Fmedia&parent=10"}],"curies":[{"name":"wp","href":"https:\/\/api.w.org\/{rel}","templated":true}]}}